{"id":6230,"date":"2019-02-27T05:38:06","date_gmt":"2019-02-27T05:38:06","guid":{"rendered":"https:\/\/demo.goodlayers.com\/attorna\/newsletter\/"},"modified":"2021-08-19T18:20:26","modified_gmt":"2021-08-19T18:20:26","slug":"rodo","status":"publish","type":"page","link":"https:\/\/www.kancelaria-koltowscy.pl\/index.php\/rodo\/","title":{"rendered":"Rodo"},"content":{"rendered":"\n\n\n<pre class=\"wp-block-preformatted\">Od 25 maja 2018 r. w Unii Europejskiej stosujemy przepisy Rozporz\u0105dzenia Og\u00f3lnego o Danych Osobowych (RODO), czyli Rozporz\u0105dzenia Parlamentu Europejskiego i Rady (UE) 2016\/679 z dnia 27 kwietnia 2016 r. w sprawie ochrony os\u00f3b fizycznych w zwi\u0105zku z przetwarzaniem danych osobowych i w sprawie swobodnego przep\u0142ywu takich danych oraz uchylenia dyrektywy 95\/46\/WE. Stosowanie przepis\u00f3w RODO jest okazj\u0105, aby poinformowa\u0107 Pa\u0144stwa o tym, jak chronimy i przetwarzamy Pa\u0144stwa dane osobowe i jakie w zwi\u0105zku z tym przys\u0142uguj\u0105 uprawnienia. Zmiany wprowadzone w ramach RODO nie wymagaj\u0105 od Pa\u0144stwa \u017cadnego kontaktu z Kancelari\u0105. Prosimy natomiast o zapoznanie si\u0119 z poni\u017csz\u0105 informacj\u0105.\r\n\r\nInformacja o przetwarzaniu danych.\r\n Administratorem Twoich danych osobowych jest: <strong>Kancelaria Ko\u0142towscy e-mail: biuro@kancelaria-koltowscy.pl.<\/strong>\r\nMasz prawo do dost\u0119pu do swoich danych osobowych, do ich poprawiania, \u017c\u0105dania ich usuni\u0119cia lub wniesienia sprzeciwu z powodu Twojej szczeg\u00f3lnej sytuacji. Masz r\u00f3wnie\u017c prawo do \u017c\u0105dania od Nas ograniczenia przetwarzania Twoich danych, a tak\u017ce do ich przenoszenia. \r\nJe\u017celi uznasz, \u017ce Twoje dane osobowe b\u0119d\u0105 przetwarzane niezgodnie z wymogami prawa masz prawo wnie\u015b\u0107 skarg\u0119 do organu nadzorczego, kt\u00f3rym od 25.05.2018 r. jest Prezes Urz\u0119du Ochrony Danych Osobowych.\r\nTwoje dane osobowe b\u0119d\u0105 przetwarzane w kilku celach tj. w celu udzielenia odpowiedzi na pytanie zawarte w formularzu kontaktowym a tak\u017ce w celach zwi\u0105zanych z marketingiem produkt\u00f3w i us\u0142ug Administratora.\r\nPodanie przez Ciebie danych jest dobrowolne, lecz konieczne do udzielenia odpowiedzi na pytanie zadane w formularzu oraz realizacji us\u0142ug.\r\nPodstaw\u0105 prawn\u0105 przetwarzania Twoich danych jest art. 6 ust. 1 lit. a rozporz\u0105dzenie Parlamentu Europejskiego i Rady (UE) 2016\/679 z 27 kwietnia 2016 r. w sprawie ochrony os\u00f3b fizycznych w zwi\u0105zku z przetwarzaniem danych osobowych i w sprawie swobodnego przep\u0142ywu takich danych oraz uchylenia dyrektywy 95\/46\/WE (og\u00f3lne rozporz\u0105dzenie o ochronie danych) (Dz. U. UE. L. z 2016 r. Nr 119, str. 1) - dalej RODO, (wyrazi\u0142e\u015b zgod\u0119 na przetwarzanie w celu odpowiedzi na pytanie w formularzu), art. 6 ust. 1 lit. f RODO (Administrator b\u0119dzie korzysta\u0142 z Twoich danych w celu informowania o swoich nowych ofertach handlowych)\r\nOdbiorcami twoich danych osobowych b\u0119d\u0105 te podmioty, kt\u00f3rym mamy obowi\u0105zek przekazywania dane na gruncie obowi\u0105zuj\u0105cych przepis\u00f3w prawa a tak\u017ce podmioty \u015bwiadcz\u0105ce na Nasz\u0105 rzecz us\u0142ugi zwi\u0105zane z marketingiem naszych produkt\u00f3w i us\u0142ug.\r\nTwoje dane osobowe b\u0119d\u0105 przez Nas przetwarzane przez ca\u0142y czas, przez kt\u00f3ry b\u0119dzie to niezb\u0119dne dla cel\u00f3w udzielenia odpowiedzi na pytanie zawarte w formularzu nie d\u0142u\u017cej ni\u017c do momentu wyra\u017cenia przez Ciebie sprzeciwu wobec przetwarzania lub cofni\u0119cia zgody na przetwarzanie<\/pre>\n","protected":false},"excerpt":{"rendered":"<p>Od 25 maja 2018 r. w Unii Europejskiej stosujemy przepisy Rozporz\u0105dzenia Og\u00f3lnego o Danych Osobowych (RODO), czyli Rozporz\u0105dzenia Parlamentu Europejskiego i Rady (UE) 2016\/679 z dnia 27 kwietnia 2016 r. w sprawie ochrony os\u00f3b fizycznych w zwi\u0105zku z przetwarzaniem danych osobowych i w sprawie swobodnego przep\u0142ywu takich danych oraz uchylenia dyrektywy 95\/46\/WE. Stosowanie przepis\u00f3w RODO [&hellip;]<\/p>\n","protected":false},"author":1,"featured_media":0,"parent":0,"menu_order":0,"comment_status":"closed","ping_status":"closed","template":"","meta":[],"_links":{"self":[{"href":"https:\/\/www.kancelaria-koltowscy.pl\/index.php\/wp-json\/wp\/v2\/pages\/6230"}],"collection":[{"href":"https:\/\/www.kancelaria-koltowscy.pl\/index.php\/wp-json\/wp\/v2\/pages"}],"about":[{"href":"https:\/\/www.kancelaria-koltowscy.pl\/index.php\/wp-json\/wp\/v2\/types\/page"}],"author":[{"embeddable":true,"href":"https:\/\/www.kancelaria-koltowscy.pl\/index.php\/wp-json\/wp\/v2\/users\/1"}],"replies":[{"embeddable":true,"href":"https:\/\/www.kancelaria-koltowscy.pl\/index.php\/wp-json\/wp\/v2\/comments?post=6230"}],"version-history":[{"count":5,"href":"https:\/\/www.kancelaria-koltowscy.pl\/index.php\/wp-json\/wp\/v2\/pages\/6230\/revisions"}],"predecessor-version":[{"id":7090,"href":"https:\/\/www.kancelaria-koltowscy.pl\/index.php\/wp-json\/wp\/v2\/pages\/6230\/revisions\/7090"}],"wp:attachment":[{"href":"https:\/\/www.kancelaria-koltowscy.pl\/index.php\/wp-json\/wp\/v2\/media?parent=6230"}],"curies":[{"name":"wp","href":"https:\/\/api.w.org\/{rel}","templated":true}]}}