{"id":3,"date":"2021-08-17T14:35:43","date_gmt":"2021-08-17T14:35:43","guid":{"rendered":"http:\/\/www.kancelaria-koltowscy.pl\/?page_id=3"},"modified":"2021-08-19T18:08:30","modified_gmt":"2021-08-19T18:08:30","slug":"privacy-policy","status":"publish","type":"page","link":"https:\/\/www.kancelaria-koltowscy.pl\/index.php\/privacy-policy\/","title":{"rendered":"Polityka prywatno\u015bci"},"content":{"rendered":"\n<h1><strong>Podstawa Prawna<\/strong><\/h1>\n\n\n\n<ol><li><strong>Niniejsza Polityka Prywatno\u015bci jest zgodna z przepisami wynikaj\u0105cymi z \u00a0art. 13 ust. 1 i ust. 2 rozporz\u0105dzenia Parlamentu Europejskiego i Rady (UE) 2016\/679 z 27 kwietnia 2016 r.\u00a0(Dz.u.UE. L. z 2016 nr 119 str.1),w skr\u00f3cie RODO a tak\u017ce innymi bezwzgl\u0119dnie obowi\u0105zuj\u0105cymi przepisami w tym ustaw\u0105 o ochronie danych osobowych z dnia 10 maja 2018 r. (Dz. U. 2018, poz. 1000) (dalej Ustawa) .<\/strong><\/li><li><strong>Administratorem Danych Osobowych<\/strong>\u00a0dalej zwanym\u00a0\u201c<strong>ADO<\/strong>\u201d\u00a0jest:\u00a0Kancelania Ko\u0142towscy<br>e-mail:\u00a0<a href=\"mailto:biuro@kancelaria-koltowscy.pl\" data-type=\"mailto\" data-id=\"mailto:biuro@kancelaria-koltowscy.pl\">biuro@kancelaria-koltowscy.pl<\/a><\/li><li><strong>W\u0142a\u015bcicielem Serwisu<\/strong>\u00a0\u00a0dalej zwanym\u00a0\u201c<strong>W\u0142a\u015bcicielem<\/strong>\u201d\u00a0jest:\u00a0Kancelania Ko\u0142towscy<\/li><li><strong>Adresem strony internetowej<\/strong>\u00a0dalej zwan\u0105\u00a0\u201c<strong>Serwisem<\/strong>\u201d\u00a0jest:\u00a0<a href=\"https:\/\/www.kancelaria-koltowscy.pl\" data-type=\"URL\" data-id=\"https:\/\/www.kancelaria-koltowscy.pl\">www.kancelaria-koltowscy.pl<\/a><\/li><li><strong>Klient\/ U\u017cytkownik<\/strong>\u00a0&#8211; \u00a0U\u017cytkownikami\/ Klientami Serwisu mog\u0105 by\u0107 osoby fizyczne, kt\u00f3re uko\u0144czy\u0142y 18 lat i maj\u0105 pe\u0142n\u0105 zdolno\u015b\u0107 do czynno\u015bci prawnych. U\u017cytkownikami\/ Klientami mog\u0105 by\u0107 tak\u017ce osoby ograniczone w zdolno\u015bci do czynno\u015bci prawnych i osoby niepe\u0142noletnie, kt\u00f3re uko\u0144czy\u0142y 13 lat, w zakresie w jakim mog\u0105 nabywa\u0107 prawa i zaci\u0105ga\u0107 zobowi\u0105zania zgodnie z przepisami powszechnie obowi\u0105zuj\u0105cego prawa.<\/li><li><strong>Informacje og\u00f3lne:<\/strong><ol><li><strong>Administrator\u00a0<\/strong>za po\u015brednictwem\u00a0<strong>Serwisu\u00a0<\/strong>pozyskuje informacje o u\u017cytkownikach i ich zachowaniu w nast\u0119puj\u0105cy spos\u00f3b:<ol><li>Poprzez dobrowolnie podane dane w formularzach<\/li><li>Poprzez zapisywanie w urz\u0105dzeniach ko\u0144cowych plik\u00f3w cookie (tzw. &#8222;ciasteczka&#8221;).<\/li><\/ol><\/li><\/ol><\/li><li><strong>W\u0142a\u015bciciel Serwisu\u00a0<\/strong>o\u015bwiadcza, \u017ce przestrzega zasad ochrony danych osobowych Klient\u00f3w oraz uregulowa\u0144 prawnych, wynikaj\u0105cych z przepis\u00f3w RODO i innych bezwzgl\u0119dnie obowi\u0105zuj\u0105cych przepis\u00f3w Ustaw\u0105 z dnia 29 sierpnia 1997 r. o ochronie danych osobowych (t.j. Dz. U. z 2015 r. poz. 2135).<\/li><li><strong>Serwis<\/strong>\u00a0gromadzi i przetwarza nast\u0119puj\u0105ce Dane Osobowe \u00a0<strong>Klient\u00f3w\/U\u017cytkownik\u00f3w:<\/strong><ol><li>imi\u0119 i nazwisko<\/li><li>adres mail<\/li><li>numer telefonu<\/li><\/ol><\/li><li><strong>Dost\u0119p do Danych Osobowych i ich udost\u0119pnianie<\/strong><ol><li><strong>Klient\/U\u017cytkownik\u00a0<\/strong>posiada:<ol><li>prawo dost\u0119pu do swoich danych<\/li><li>prawo ich sprostowania<\/li><li>prawo \u017c\u0105dania usuni\u0119cia danych<\/li><li>prawo do \u017c\u0105dania ograniczenia przetwarzania danych<\/li><li>prawo do przenoszenia danych<\/li><li>prawo wniesienia sprzeciwu wobec przetwarzania danych, na warunkach art.21 RODO<\/li><li>prawo do cofni\u0119cia zgody na przetwarzanie danych<\/li><li>prawo do uzyskania kopii danych<\/li><li>prawo do\u00a0niepodlegania decyzjom opartym wy\u0142\u0105cznie na zautomatyzowanym przetwarzaniu, w tym profilowaniu, w sytuacji gdy takie przetwarzanie wywo\u0142uje wobec U\u017cytkownika\/ Klienta \u00a0skutki prawne, z uwzgl\u0119dnieniem zapis\u00f3w art. 22 RODO<\/li><\/ol><\/li><li>Dane Osobowe s\u0105 udost\u0119pniane partnerom handlowym\/ firmom wsp\u00f3\u0142pracuj\u0105cym w celu realizacji zam\u00f3wienia lub \u015bwiadczenia us\u0142ug z oferty dost\u0119pnej w\u00a0<strong>Serwisie<\/strong>. Mi\u0119dzy innymi: podmiotom, kt\u00f3re wsp\u00f3\u0142uczestnicz\u0105 w realizacji us\u0142ug \u015bwiadczonych przez\u00a0<strong>W\u0142a\u015bciciela\u00a0<\/strong>np.:\u00a0<strong>Operatorowi Serwisu<\/strong>, firmom kurierskim, organizacjom zarz\u0105dzaj\u0105cymi rejestracj\u0105 domen, firmom \u015bwiadcz\u0105cym us\u0142ugi p\u0142atnicze zwi\u0105zane z realizacj\u0105 us\u0142ug, firmom hostingowym zwi\u0105zanym z realizacj\u0105 naszych us\u0142ug, innym firmom zakresie niezb\u0119dnym do realizacji us\u0142ug.<\/li><li>Dost\u0119p do Danych Osobowych Klienta jest udzielany w\/w podmiotom w zakresie niezb\u0119dnym i tylko takim, kt\u00f3ry zapewni realizacj\u0119 ich us\u0142ug tak aby\u00a0<strong>Klient\/U\u017cytkownik\u00a0<\/strong>m\u00f3g\u0142 zakupi\u0107 i otrzyma\u0107 Us\u0142ug\u0119\/Towar oraz za niego zap\u0142aci\u0107.<ol><li>Dane Osobowe podlegaj\u0105 udost\u0119pnieniu podmiotom zewn\u0119trznym wy\u0142\u0105cznie w granicach prawnie dozwolonych.<\/li><li>Dane umo\u017cliwiaj\u0105ce identyfikacj\u0119 osoby fizycznej s\u0105 udost\u0119pniane wy\u0142\u0105czenie za zgod\u0105 tej osoby.<\/li><li><strong>Operator<\/strong>\u00a0mo\u017ce mie\u0107 obowi\u0105zek udzielania informacji zebranych przez\u00a0<strong>Serwis\u00a0<\/strong>upowa\u017cnionym organom na podstawie zgodnych z prawem \u017c\u0105da\u0144 w zakresie wynikaj\u0105cym z \u017c\u0105dania.<\/li><\/ol><\/li><\/ol><\/li><li><strong>Zakres i cel zbierania danych osobowych Klient\u00f3w\/U\u017cytkownik\u00f3w<\/strong><ol><li>Cele w jakich Administrator przetwarza w\u00a0<strong>Serwisie \u00a0przetwarza\u00a0<\/strong>niezb\u0119dne dane osobowe\u00a0<strong>\u00a0Klient\u00f3w\/U\u017cytkownik\u00f3w:<\/strong><ol><li>realizacja us\u0142ug \u00a0dost\u0119pnych w\u00a0<strong>Serwisie<\/strong><\/li><li>z\u0142o\u017cenie i procedowanie zam\u00f3wienia w Sklepie internetowym dost\u0119pnym w\u00a0<strong>Serwisie<\/strong><\/li><li>zawarcie umowy, modyfikacja umowy oraz \u00a0odst\u0105pienie od umowy<\/li><li>obs\u0142ugi reklamacji, pomocy technicznej oraz przetwarzanie zapyta\u0144 kt\u00f3re s\u0105 kierowane do obs\u0142ugi\u00a0<strong>Serwisu<\/strong><\/li><li>udzielanie informacji o dost\u0119pnych us\u0142ugach, towarach i zam\u00f3wieniach<\/li><li>prowadzenie dokumentacji ksi\u0119gowej<\/li><li>wystawianie faktur VAT lub innych dokument\u00f3w sprzeda\u017cy<\/li><li>dostawa towaru (firmy kurierskie)<\/li><li>prowadzenie dowolnych dzia\u0142a\u0144 marketingowych maj\u0105cych powi\u0105zanie z us\u0142ugami\/towarami dost\u0119pnymi w\u00a0<strong>Serwisie<\/strong><\/li><li>zapewnienie bezpiecze\u0144stwa us\u0142ug<\/li><li>gromadzenie danych przekazywanych w plikach cookies<\/li><li>przechowywanie danych dla cel\u00f3w archiwizacyjnych, w tym zwi\u0105zanych z wymogami prawa<\/li><li>prowadzenie analiz statystycznych<\/li><li>windykacja nale\u017cno\u015bci w tym prowadzenie post\u0119powa\u0144 s\u0105dowych i mediacyjnych<\/li><li>organizacja program\u00f3w lojalno\u015bciowych, konkurs\u00f3w oraz akcji promocyjnych<\/li><\/ol><\/li><li>Obs\u0142uga\u00a0<strong>Serwisu<\/strong>\u00a0mo\u017ce wymaga\u0107 podania innych danych je\u015bli wymagaj\u0105 tego przepisy prawa.<\/li><li><strong>W\u0142a\u015bciciel Serwisu\/ Administrator\u00a0<\/strong>\u00a0o\u015bwiadcza, \u017ce podanie Danych Osobowych przez\u00a0<strong>Klienta\/ U\u017cytkownika \u00a0<\/strong>jest ca\u0142kowicie dobrowolne ale tak\u017ce i niezb\u0119dne do pe\u0142nej realizacji us\u0142ug .<\/li><li>Dane Osobowe s\u0105 przechowywane\/przetwarzane na czas obowi\u0105zywania umowy z\u00a0<strong>Klientem\/U\u017cytkownikiem\u00a0<\/strong>lub \u015bwiadczenia danej us\u0142ugi, a tak\u017ce po zako\u0144czeniu umowy\/\u015bwiadczenia us\u0142ugi w celach:<ol><li>dochodzenia roszcze\u0144 wynikaj\u0105cych z umowy<\/li><li>statystycznych<\/li><li>wykonania obowi\u0105zk\u00f3w wynikaj\u0105cych z przepis\u00f3w prawa.<\/li><\/ol><\/li><li>Dane Osobowe s\u0105 przechowywane:<ol><li>maksymalnie przez okres 10 lat od daty wykonania umowy \/ \u015bwiadczenia us\u0142ugi na rzecz\u00a0<strong>Klienta\/U\u017cytkownika,\u00a0<\/strong>lub<\/li><li>do momentu wniesienia przez\u00a0<strong>Klienta\/U\u017cytkownika\u00a0<\/strong>sprzeciwu wobec przetwarzania danych i zg\u0142oszenia \u017c\u0105dania o zaprzestanie przetwarzania\/ przechowywania danych, lub<\/li><li>zaprzestania dzia\u0142alno\u015bci przez\u00a0<strong>Serwis<\/strong>, lub<\/li><li>zaprzestania dzia\u0142alno\u015bci przez\u00a0<strong>W\u0142a\u015bciciela<\/strong><\/li><\/ol><\/li><li><strong>Klient\/U\u017cytkownik\u00a0<\/strong>posiada prawo wniesienia skargi do Prezesa Urz\u0119du Ochrony Danych Osobowych w zakresie naruszenia prawo do ochrony danych osobowych lub innych praw przyznanych na mocy RODO.<\/li><\/ol><\/li><li><strong>Informacje w\u00a0formularzach.<\/strong><ol><li><strong>Administrator\u00a0<\/strong>za pomoc\u0105\u00a0<strong>Serwisu\u00a0<\/strong>zbiera informacje podane dobrowolnie przez u\u017cytkownika za pomoc\u0105 formularzy.<\/li><li>Dane w formularzu nie s\u0105 udost\u0119pniane podmiotom trzecim innym ni\u017c w pkt. 8.1.2-8.1.6 \u00a0niniejszego dokumentu, chyba \u017ce\u00a0<strong>Klient\/U\u017cytkownik\u00a0<\/strong>wyrazi zgod\u0119 na udost\u0119pnienie danych.<\/li><li>Dane podane w formularzu s\u0105 przetwarzane w celu wynikaj\u0105cym z funkcji konkretnego formularza.<\/li><li>Dane podane w formularzach mog\u0105 by\u0107 przekazane podmiotom technicznie realizuj\u0105cym niekt\u00f3re us\u0142ugi, w szczeg\u00f3lno\u015bci dotyczy to przekazywania informacji o posiadaczu rejestrowanej domeny do podmiot\u00f3w b\u0119d\u0105cych operatorami domen internetowych, serwis\u00f3w obs\u0142uguj\u0105cych p\u0142atno\u015bci lub te\u017c innych podmiot\u00f3w, z kt\u00f3rymi\u00a0<strong>Operator\u00a0<\/strong>\u00a0w tym zakresie wsp\u00f3\u0142pracuje.<\/li><\/ol><\/li><li><strong>Informacja o plikach\u00a0cookies.<\/strong><ol><li><strong>Administrator\u00a0<\/strong>za pomoc\u0105<strong>\u00a0Serwisu<\/strong>\u00a0automatycznie gromadzi informacje zawarte w plikach cookies w celu przetwarzania danych zwi\u0105zanych z korzystaniem ze strony internetowej\u00a0<strong>Serwisu<\/strong>\u00a0przez\u00a0<strong>Klienta\/U\u017cytkownika<\/strong>.<\/li><li><strong>Spos\u00f3b wykorzystywania plik\u00f3w Cookiess<\/strong>:<ol><li>\u201esesyjne\u201d przechowywane na urz\u0105dzeniu ko\u0144cowym\u00a0<strong>Klienta\/U\u017cytkownika\u00a0<\/strong>do czasu jego wylogowania, wy\u0142\u0105czenia\u00a0<strong>Serwisu<\/strong>\u00a0lub wy\u0142\u0105czenia przegl\u0105darki internetowej.<\/li><li>\u201esta\u0142e\u201d przechowywane na urz\u0105dzeniu ko\u0144cowym\u00a0<strong>Klienta\/U\u017cytkownika\u00a0<\/strong>przez czas okre\u015blony w parametrach plik\u00f3w Cookies lub do czasu ich usuni\u0119cia przez\u00a0<strong>Klienta\/U\u017cytkownika<\/strong>.<\/li><\/ol><\/li><li>Za ka\u017cdym razem, kiedy\u00a0<strong>Serwis<\/strong>\u00a0zostaje odwiedzony, zawarto\u015b\u0107 plik\u00f3w Cookies jest przetwarzana w celu dostosowania i optymalizacji\u00a0<strong>Serwisu<\/strong>\u00a0] i jego oferty dla potrzeb\u00a0<strong>Klient\u00f3w\/U\u017cytkownik\u00f3w<\/strong>.<\/li><li><strong>Klient\/U\u017cytkownik\u00a0<\/strong>w ka\u017cdej chwili za pomoc\u0105 ustawie\u0144 swojej przegl\u0105darki internetowej mo\u017ce ca\u0142kowicie zablokowa\u0107 i skasowa\u0107 gromadzenie plik\u00f3w Cookies.<\/li><li>Zablokowanie przez\u00a0<strong>Klienta\/U\u017cytkownika\u00a0<\/strong>obs\u0142ugi plik\u00f3w Cookies mo\u017ce utrudni\u0107 lub wr\u0119cz uniemo\u017cliwi\u0107\u00a0<strong>Klientowi\/U\u017cytkownikowi\u00a0<\/strong>korzystanie z niekt\u00f3rych funkcjonalno\u015bci\u00a0<strong>Serwisu<\/strong>\u00a0.<\/li><li><strong>Klient\/U\u017cytkownik<\/strong>, kt\u00f3ry nie chce wykorzystywania plik\u00f3w Cookies w ka\u017cdej chwili mo\u017ce usun\u0105\u0107 je r\u0119cznie.<\/li><\/ol><\/li><li><strong>Logi serwera.<\/strong><ol><li>Informacje o niekt\u00f3rych zachowaniach\u00a0<strong>Klient\u00f3w\/U\u017cytkownik\u00f3w<\/strong>\u00a0podlegaj\u0105 logowaniu w warstwie serwerowej. Dane te s\u0105 wykorzystywane wy\u0142\u0105cznie w celu administrowania stron\u0105 internetow\u0105 (<strong>Serwisem<\/strong>) oraz w celu zapewnienia jak najbardziej sprawnej obs\u0142ugi \u015bwiadczonych us\u0142ug. Przegl\u0105dane zasoby identyfikowane s\u0105 poprzez adresy URL.<\/li><li>Ponadto zapisowi mog\u0105 podlega\u0107: \u00a0<ol><li>czas nadej\u015bcia zapytania,<\/li><li>czas wys\u0142ania odpowiedzi,<\/li><li>nazw\u0119 stacji klienta \u2013 identyfikacja realizowana przez protok\u00f3\u0142 HTTP,<\/li><li>informacje o b\u0142\u0119dach jakie nast\u0105pi\u0142y przy realizacji transakcji HTTP,<\/li><li>adres URL strony poprzednio odwiedzanej przez u\u017cytkownika (referer link) \u2013 w przypadku gdy przej\u015bcie do Serwisu nast\u0105pi\u0142o przez odno\u015bnik,<\/li><li>informacje o przegl\u0105darce u\u017cytkownika,<\/li><li>Informacje o adresie IP.<\/li><\/ol><\/li><li>Dane powy\u017csze nie s\u0105 kojarzone z konkretnymi osobami przegl\u0105daj\u0105cymi strony.<\/li><li>Dane powy\u017csze s\u0105 wykorzystywane jedynie dla cel\u00f3w administrowania serwerem.<\/li><\/ol><\/li><li><strong>W przypadku zmiany zasad w zakresie polityki prywatno\u015bci stosowanej przez Administratora niniejszy dokument mo\u017ce ulec zmianie.<\/strong><\/li><\/ol>\n","protected":false},"excerpt":{"rendered":"<p>Podstawa Prawna Niniejsza Polityka Prywatno\u015bci jest zgodna z przepisami wynikaj\u0105cymi z \u00a0art. 13 ust. 1 i ust. 2 rozporz\u0105dzenia Parlamentu Europejskiego i Rady (UE) 2016\/679 z 27 kwietnia 2016 r.\u00a0(Dz.u.UE. L. z 2016 nr 119 str.1),w skr\u00f3cie RODO a tak\u017ce innymi bezwzgl\u0119dnie obowi\u0105zuj\u0105cymi przepisami w tym ustaw\u0105 o ochronie danych osobowych z dnia 10 maja [&hellip;]<\/p>\n","protected":false},"author":1,"featured_media":0,"parent":0,"menu_order":0,"comment_status":"closed","ping_status":"open","template":"","meta":[],"_links":{"self":[{"href":"https:\/\/www.kancelaria-koltowscy.pl\/index.php\/wp-json\/wp\/v2\/pages\/3"}],"collection":[{"href":"https:\/\/www.kancelaria-koltowscy.pl\/index.php\/wp-json\/wp\/v2\/pages"}],"about":[{"href":"https:\/\/www.kancelaria-koltowscy.pl\/index.php\/wp-json\/wp\/v2\/types\/page"}],"author":[{"embeddable":true,"href":"https:\/\/www.kancelaria-koltowscy.pl\/index.php\/wp-json\/wp\/v2\/users\/1"}],"replies":[{"embeddable":true,"href":"https:\/\/www.kancelaria-koltowscy.pl\/index.php\/wp-json\/wp\/v2\/comments?post=3"}],"version-history":[{"count":5,"href":"https:\/\/www.kancelaria-koltowscy.pl\/index.php\/wp-json\/wp\/v2\/pages\/3\/revisions"}],"predecessor-version":[{"id":7071,"href":"https:\/\/www.kancelaria-koltowscy.pl\/index.php\/wp-json\/wp\/v2\/pages\/3\/revisions\/7071"}],"wp:attachment":[{"href":"https:\/\/www.kancelaria-koltowscy.pl\/index.php\/wp-json\/wp\/v2\/media?parent=3"}],"curies":[{"name":"wp","href":"https:\/\/api.w.org\/{rel}","templated":true}]}}